


{"id":11914,"date":"2023-12-06T10:22:12","date_gmt":"2023-12-06T09:22:12","guid":{"rendered":"https:\/\/pharmanutragroup.com\/?page_id=11914"},"modified":"2025-04-15T15:19:56","modified_gmt":"2025-04-15T13:19:56","slug":"whistleblowing-reports","status":"publish","type":"page","link":"https:\/\/pharmanutragroup.com\/en\/governance\/whistleblowing-reports\/","title":{"rendered":"Whistleblowing Reports"},"content":{"rendered":"<p><b>PIATTAFORMA DI <\/b><b><i>WHISTLEBLOWING <\/i><\/b><b>DI PHARMANUTRA SPA<\/b><\/p>\n<p>Pharmanutra si impegna ad instaurare e mantenere relazioni con i propri dipendenti, fornitori e stakeholder, improntate ai principi di onest\u00e0, trasparenza, rispetto della diversit\u00e0, promozione dell&#8217;inclusione e responsabilit\u00e0 sociale, garantendo al contempo la conformit\u00e0 con le normative nazionali ed internazionali applicabili.<\/p>\n<p>PharmaNutra ha attivato il presente canale di segnalazione (Whistleblowing) per offrire la possibilit\u00e0 di segnalare possibili condotte non in linea con i principi del Codice Etico e con le proprie Policy.<\/p>\n<p><b>l tuo messaggio verr\u00e0 gestito in modo sicuro con <\/b><b>WALLBREAKERS<\/b><\/p>\n<p>Il presente canale consente di\u00a0 garantire la riservatezza delle informazioni consentendo messaggi anche in forma anonima, \u00e8 crittografato e Progettato in conformit\u00e0 alla norma ISO 27001:2022 per garantire il pi\u00f9 alto grado di sicurezza dei dati e delle informazioni inviate<\/p>\n<p><b>Come posso inviare e seguire la mia segnalazione?<\/b><\/p>\n<p><strong><a style=\"text-transform: uppercase; background: #1a3864; padding: 10px 20px; color: #fff;\" href=\"https:\/\/pharmanutra.wallbreakers.it\" target=\"_blank\" rel=\"noopener\">INVIA LA TUA SEGNALAZIONE<\/a><\/strong><\/p>\n<p><i>Al termine della procedura, riceverai un \u201ccodice identificativo\u201d della tua segnalazione .Conservali in modo sicuro, ti servir\u00e0 per monitorare lo stato della tua segnalazione.<\/i><\/p>\n<p><a style=\"text-transform: uppercase; background: #1a3864; padding: 10px 20px; color: #fff;\" href=\"https:\/\/www.pharmanutragroup.com\/wp-content\/uploads\/2023\/12\/21437_51_470268_2680558_Informativa_a__Segnalante_whistleblowing.pdf\" target=\"_blank\" rel=\"noopener\"><b>CLICCA PER L\u2019 INFORMATIVA SEGNALANTE<\/b><\/a><\/p>\n<p>&nbsp;<\/p>\n<p><a style=\"text-transform: uppercase; background: #1a3864; padding: 10px 20px; color: #fff;\" href=\"https:\/\/www.pharmanutragroup.com\/wp-content\/uploads\/2023\/12\/Pharmanutra_Procedura-Gestione-delle-Segnalazioni.pdf\" target=\"_blank\" rel=\"noopener\"><b>CLICCA PER\u00a0 INFO SULLA PROCEDURA DI SEGNALAZIONE<\/b><\/a><\/p>\n<p>&nbsp;<\/p>\n<p>&nbsp;<\/p>\n","protected":false},"excerpt":{"rendered":"<p>PIATTAFORMA DI WHISTLEBLOWING DI PHARMANUTRA SPA Pharmanutra si impegna ad instaurare e mantenere relazioni con i propri dipendenti, fornitori e [&hellip;]<\/p>\n","protected":false},"author":26,"featured_media":0,"parent":12177,"menu_order":0,"comment_status":"closed","ping_status":"closed","template":"","meta":{"footnotes":""},"class_list":["post-11914","page","type-page","status-publish","hentry"],"yoast_head":"<!-- This site is optimized with the Yoast SEO plugin v27.0 - https:\/\/yoast.com\/product\/yoast-seo-wordpress\/ -->\n<title>Whistleblowing Reports - PharmaNutra Spa<\/title>\n<meta name=\"description\" content=\"PIATTAFORMA DI WHISTLEBLOWING DI PHARMANUTRA SPA Pharmanutra si impegna ad instaurare e mantenere relazioni con i propri dipendenti, fornitori e\" \/>\n<meta name=\"robots\" content=\"index, follow, max-snippet:-1, max-image-preview:large, max-video-preview:-1\" \/>\n<link rel=\"canonical\" href=\"https:\/\/pharmanutragroup.com\/en\/governance\/whistleblowing-reports\/\" \/>\n<meta property=\"og:locale\" content=\"en_US\" \/>\n<meta property=\"og:type\" content=\"article\" \/>\n<meta property=\"og:title\" content=\"Whistleblowing Reports - PharmaNutra Spa\" \/>\n<meta property=\"og:description\" content=\"PIATTAFORMA DI WHISTLEBLOWING DI PHARMANUTRA SPA Pharmanutra si impegna ad instaurare e mantenere relazioni con i propri dipendenti, fornitori e\" \/>\n<meta property=\"og:url\" content=\"https:\/\/pharmanutragroup.com\/en\/governance\/whistleblowing-reports\/\" \/>\n<meta property=\"og:site_name\" content=\"PharmaNutra Spa\" \/>\n<meta property=\"article:modified_time\" content=\"2025-04-15T13:19:56+00:00\" \/>\n<meta name=\"twitter:card\" content=\"summary_large_image\" \/>\n<meta name=\"twitter:label1\" content=\"Est. reading time\" \/>\n\t<meta name=\"twitter:data1\" content=\"1 minute\" \/>\n<script type=\"application\/ld+json\" class=\"yoast-schema-graph\">{\"@context\":\"https:\/\/schema.org\",\"@graph\":[{\"@type\":\"WebPage\",\"@id\":\"https:\/\/pharmanutragroup.com\/en\/governance\/whistleblowing-reports\/\",\"url\":\"https:\/\/pharmanutragroup.com\/en\/governance\/whistleblowing-reports\/\",\"name\":\"Whistleblowing Reports - PharmaNutra Spa\",\"isPartOf\":{\"@id\":\"https:\/\/pharmanutragroup.com\/en\/#website\"},\"datePublished\":\"2023-12-06T09:22:12+00:00\",\"dateModified\":\"2025-04-15T13:19:56+00:00\",\"description\":\"PIATTAFORMA DI WHISTLEBLOWING DI PHARMANUTRA SPA Pharmanutra si impegna ad instaurare e mantenere relazioni con i propri dipendenti, fornitori e\",\"breadcrumb\":{\"@id\":\"https:\/\/pharmanutragroup.com\/en\/governance\/whistleblowing-reports\/#breadcrumb\"},\"inLanguage\":\"en-US\",\"potentialAction\":[{\"@type\":\"ReadAction\",\"target\":[\"https:\/\/pharmanutragroup.com\/en\/governance\/whistleblowing-reports\/\"]}]},{\"@type\":\"BreadcrumbList\",\"@id\":\"https:\/\/pharmanutragroup.com\/en\/governance\/whistleblowing-reports\/#breadcrumb\",\"itemListElement\":[{\"@type\":\"ListItem\",\"position\":1,\"name\":\"Home\",\"item\":\"https:\/\/pharmanutragroup.com\/en\/\"},{\"@type\":\"ListItem\",\"position\":2,\"name\":\"Governance\",\"item\":\"https:\/\/pharmanutragroup.com\/en\/governance\/\"},{\"@type\":\"ListItem\",\"position\":3,\"name\":\"Whistleblowing Reports\"}]},{\"@type\":\"WebSite\",\"@id\":\"https:\/\/pharmanutragroup.com\/en\/#website\",\"url\":\"https:\/\/pharmanutragroup.com\/en\/\",\"name\":\"PharmaNutra Spa\",\"description\":\"PharmaNutra S.p.A. | Azienda nutraceutica e farmaceutica\",\"potentialAction\":[{\"@type\":\"SearchAction\",\"target\":{\"@type\":\"EntryPoint\",\"urlTemplate\":\"https:\/\/pharmanutragroup.com\/en\/?s={search_term_string}\"},\"query-input\":{\"@type\":\"PropertyValueSpecification\",\"valueRequired\":true,\"valueName\":\"search_term_string\"}}],\"inLanguage\":\"en-US\"}]}<\/script>\n<!-- \/ Yoast SEO plugin. -->","yoast_head_json":{"title":"Whistleblowing Reports - PharmaNutra Spa","description":"PIATTAFORMA DI WHISTLEBLOWING DI PHARMANUTRA SPA Pharmanutra si impegna ad instaurare e mantenere relazioni con i propri dipendenti, fornitori e","robots":{"index":"index","follow":"follow","max-snippet":"max-snippet:-1","max-image-preview":"max-image-preview:large","max-video-preview":"max-video-preview:-1"},"canonical":"https:\/\/pharmanutragroup.com\/en\/governance\/whistleblowing-reports\/","og_locale":"en_US","og_type":"article","og_title":"Whistleblowing Reports - PharmaNutra Spa","og_description":"PIATTAFORMA DI WHISTLEBLOWING DI PHARMANUTRA SPA Pharmanutra si impegna ad instaurare e mantenere relazioni con i propri dipendenti, fornitori e","og_url":"https:\/\/pharmanutragroup.com\/en\/governance\/whistleblowing-reports\/","og_site_name":"PharmaNutra Spa","article_modified_time":"2025-04-15T13:19:56+00:00","twitter_card":"summary_large_image","twitter_misc":{"Est. reading time":"1 minute"},"schema":{"@context":"https:\/\/schema.org","@graph":[{"@type":"WebPage","@id":"https:\/\/pharmanutragroup.com\/en\/governance\/whistleblowing-reports\/","url":"https:\/\/pharmanutragroup.com\/en\/governance\/whistleblowing-reports\/","name":"Whistleblowing Reports - PharmaNutra Spa","isPartOf":{"@id":"https:\/\/pharmanutragroup.com\/en\/#website"},"datePublished":"2023-12-06T09:22:12+00:00","dateModified":"2025-04-15T13:19:56+00:00","description":"PIATTAFORMA DI WHISTLEBLOWING DI PHARMANUTRA SPA Pharmanutra si impegna ad instaurare e mantenere relazioni con i propri dipendenti, fornitori e","breadcrumb":{"@id":"https:\/\/pharmanutragroup.com\/en\/governance\/whistleblowing-reports\/#breadcrumb"},"inLanguage":"en-US","potentialAction":[{"@type":"ReadAction","target":["https:\/\/pharmanutragroup.com\/en\/governance\/whistleblowing-reports\/"]}]},{"@type":"BreadcrumbList","@id":"https:\/\/pharmanutragroup.com\/en\/governance\/whistleblowing-reports\/#breadcrumb","itemListElement":[{"@type":"ListItem","position":1,"name":"Home","item":"https:\/\/pharmanutragroup.com\/en\/"},{"@type":"ListItem","position":2,"name":"Governance","item":"https:\/\/pharmanutragroup.com\/en\/governance\/"},{"@type":"ListItem","position":3,"name":"Whistleblowing Reports"}]},{"@type":"WebSite","@id":"https:\/\/pharmanutragroup.com\/en\/#website","url":"https:\/\/pharmanutragroup.com\/en\/","name":"PharmaNutra Spa","description":"PharmaNutra S.p.A. | Azienda nutraceutica e farmaceutica","potentialAction":[{"@type":"SearchAction","target":{"@type":"EntryPoint","urlTemplate":"https:\/\/pharmanutragroup.com\/en\/?s={search_term_string}"},"query-input":{"@type":"PropertyValueSpecification","valueRequired":true,"valueName":"search_term_string"}}],"inLanguage":"en-US"}]}},"meta_box":{"HL_background_documents":false,"HL_titolo_sezione_Certificazioni":"","HL_testo_sezione_Certificazioni":"","HL_titolo_sezione_documenti":"","documents":[],"HL_titolo_sezione_agenda":"","HL_testo_sezione_agenda":"","HL_agenda_img":false,"HL_main_show":"","HL_section_title":"","HL_main_text":"","HL_link_labelsec":"","HL_link_section":"","HL_section_image":false,"HL_quote_hide":"","HL_main_quote_group":"","HL_main_quote_source_group":"","HL_title_content_col":"","HL_second_text_active":"","HL_text_box":[],"HL_video_section":[],"HL_special_content_title":"","HL_conttext":"","HL_company":[],"HL_heading_layout":"","HL_main_quote":"","HL_main_quote_source":"","HL_text_content_col_end":"","HL_page_content":[],"HL_intro_quote":"","HL_groups_title":"","HL_kpi_title":"","HL_kpi":[],"HL_kpi_outro":"","HL_archive_CTA":"","HL_logo_image":false,"HL_slides":[],"HL_groups_text_home":"","backgroundnet":false,"HL_bct_title":"","accordion_background":false,"accordion_title":"","accordion_subtitle":"","accordions":[],"HL_archive_CS":"","accordion_background_cda":false,"accordion_title_cda":"","accordion_subtitle_cda":"","accordions_cda":[],"link_document":"","link_label_document":"","target":"","accordion_background_com":false,"accordion_title_com":"","accordion_subtitle_com":"","accordions_com":[],"additional_title":"","additional_content":"","HL_main_title":"","HL_background_section":false,"second_title":"","second_text":"","third_title":"","third_text":"","HL_boxes":[],"HL_accordion_background_wf":false,"HL_accordion_title":"","HL_accordion_subtitle":"","accordionswf":[]},"_links":{"self":[{"href":"https:\/\/pharmanutragroup.com\/en\/wp-json\/wp\/v2\/pages\/11914","targetHints":{"allow":["GET"]}}],"collection":[{"href":"https:\/\/pharmanutragroup.com\/en\/wp-json\/wp\/v2\/pages"}],"about":[{"href":"https:\/\/pharmanutragroup.com\/en\/wp-json\/wp\/v2\/types\/page"}],"author":[{"embeddable":true,"href":"https:\/\/pharmanutragroup.com\/en\/wp-json\/wp\/v2\/users\/26"}],"replies":[{"embeddable":true,"href":"https:\/\/pharmanutragroup.com\/en\/wp-json\/wp\/v2\/comments?post=11914"}],"version-history":[{"count":3,"href":"https:\/\/pharmanutragroup.com\/en\/wp-json\/wp\/v2\/pages\/11914\/revisions"}],"predecessor-version":[{"id":12196,"href":"https:\/\/pharmanutragroup.com\/en\/wp-json\/wp\/v2\/pages\/11914\/revisions\/12196"}],"up":[{"embeddable":true,"href":"https:\/\/pharmanutragroup.com\/en\/wp-json\/wp\/v2\/pages\/12177"}],"wp:attachment":[{"href":"https:\/\/pharmanutragroup.com\/en\/wp-json\/wp\/v2\/media?parent=11914"}],"curies":[{"name":"wp","href":"https:\/\/api.w.org\/{rel}","templated":true}]}}